{"id":1231,"date":"2025-08-16T04:56:02","date_gmt":"2025-08-16T16:26:02","guid":{"rendered":"https:\/\/maxia.solutions\/?page_id=1231"},"modified":"2025-08-16T09:11:02","modified_gmt":"2025-08-16T20:41:02","slug":"politicas-de-privacidad","status":"publish","type":"page","link":"https:\/\/maxia.solutions\/en\/politicas-de-privacidad\/","title":{"rendered":"POL\u00cdTICAS DE PRIVACIDAD"},"content":{"rendered":"<div data-elementor-type=\"wp-page\" data-elementor-id=\"1231\" class=\"elementor elementor-1231\">\n\t\t\t\t<div class=\"elementor-element elementor-element-a57c27f e-flex e-con-boxed e-con e-parent\" data-id=\"a57c27f\" data-element_type=\"container\" data-e-type=\"container\">\n\t\t\t\t\t<div class=\"e-con-inner\">\n\t\t\t\t<div class=\"elementor-element elementor-element-c20d2f0 elementor-invisible elementor-widget elementor-widget-heading\" data-id=\"c20d2f0\" data-element_type=\"widget\" data-e-type=\"widget\" data-settings=\"{&quot;_animation&quot;:&quot;fadeInDown&quot;}\" data-widget_type=\"heading.default\">\n\t\t\t\t<div class=\"elementor-widget-container\">\n\t\t\t\t\t<h2 class=\"elementor-heading-title elementor-size-default\">MaxIA Solutions\n<\/h2>\t\t\t\t<\/div>\n\t\t\t\t<\/div>\n\t\t\t\t\t<\/div>\n\t\t\t\t<\/div>\n\t\t<div class=\"elementor-element elementor-element-91ee2f7 e-flex e-con-boxed e-con e-parent\" data-id=\"91ee2f7\" data-element_type=\"container\" data-e-type=\"container\">\n\t\t\t\t\t<div class=\"e-con-inner\">\n\t\t\t\t<div class=\"elementor-element elementor-element-cabb829 elementor-invisible elementor-widget elementor-widget-text-editor\" data-id=\"cabb829\" data-element_type=\"widget\" data-e-type=\"widget\" data-settings=\"{&quot;_animation&quot;:&quot;fadeInLeft&quot;}\" data-widget_type=\"text-editor.default\">\n\t\t\t\t<div class=\"elementor-widget-container\">\n\t\t\t\t\t\t\t\t\t<p>En MaxIA Solutions valoramos tu confianza y protegemos tu informaci\u00f3n. Por eso, hemos dise\u00f1ado esta Pol\u00edtica de Privacidad para informarte c\u00f3mo recopilamos, utilizamos y resguardamos tus datos personales cuando interact\u00faas con nosotros a trav\u00e9s de nuestro sitio web, campa\u00f1as digitales o cualquier otro medio.<\/p>\t\t\t\t\t\t\t\t<\/div>\n\t\t\t\t<\/div>\n\t\t\t\t\t<\/div>\n\t\t\t\t<\/div>\n\t\t<div class=\"elementor-element elementor-element-79a7a4b e-flex e-con-boxed e-con e-parent\" data-id=\"79a7a4b\" data-element_type=\"container\" data-e-type=\"container\">\n\t\t\t\t\t<div class=\"e-con-inner\">\n\t\t\t\t<div class=\"elementor-element elementor-element-5d6bb10 elementor-invisible elementor-widget elementor-widget-text-editor\" data-id=\"5d6bb10\" data-element_type=\"widget\" data-e-type=\"widget\" data-settings=\"{&quot;_animation&quot;:&quot;fadeInRight&quot;}\" data-widget_type=\"text-editor.default\">\n\t\t\t\t<div class=\"elementor-widget-container\">\n\t\t\t\t\t\t\t\t\t<div>1. Informaci\u00f3n que recopilamos<\/div><div>\u00a0<\/div><div>Podemos solicitarte algunos datos personales, tales como:<\/div><div>\u2022Nombre completo<\/div><div>\u2022Direcci\u00f3n de correo electr\u00f3nico<\/div><div>\u2022N\u00famero de tel\u00e9fono o WhatsApp<\/div><div>\u2022Informaci\u00f3n de facturaci\u00f3n y pago (en caso de contratar servicios)<\/div><div>\u2022Datos t\u00e9cnicos de navegaci\u00f3n (cookies, direcci\u00f3n IP, dispositivo, navegador)<\/div>\t\t\t\t\t\t\t\t<\/div>\n\t\t\t\t<\/div>\n\t\t\t\t\t<\/div>\n\t\t\t\t<\/div>\n\t\t<div class=\"elementor-element elementor-element-bfcf9e8 e-flex e-con-boxed e-con e-parent\" data-id=\"bfcf9e8\" data-element_type=\"container\" data-e-type=\"container\">\n\t\t\t\t\t<div class=\"e-con-inner\">\n\t\t\t\t<div class=\"elementor-element elementor-element-1546eb9 elementor-invisible elementor-widget elementor-widget-text-editor\" data-id=\"1546eb9\" data-element_type=\"widget\" data-e-type=\"widget\" data-settings=\"{&quot;_animation&quot;:&quot;fadeInLeft&quot;}\" data-widget_type=\"text-editor.default\">\n\t\t\t\t<div class=\"elementor-widget-container\">\n\t\t\t\t\t\t\t\t\t<div>2. Uso de la informaci\u00f3n<\/div><div>\u00a0<\/div><div>Utilizamos tu informaci\u00f3n \u00fanicamente para:<\/div><div>\u2022Brindarte los servicios de marketing, dise\u00f1o y soluciones digitales que ofrecemos.<\/div><div>\u2022Mejorar tu experiencia en nuestro sitio web.<\/div><div>\u2022Enviarte comunicaciones comerciales, promociones o actualizaciones (solo si lo autorizas).<\/div><div>\u2022Cumplir con obligaciones legales y contractuales.<\/div><div>\u00a0<\/div>\t\t\t\t\t\t\t\t<\/div>\n\t\t\t\t<\/div>\n\t\t\t\t\t<\/div>\n\t\t\t\t<\/div>\n\t\t<div class=\"elementor-element elementor-element-a7bcb1a e-flex e-con-boxed e-con e-parent\" data-id=\"a7bcb1a\" data-element_type=\"container\" data-e-type=\"container\">\n\t\t\t\t\t<div class=\"e-con-inner\">\n\t\t\t\t<div class=\"elementor-element elementor-element-d0fe93a elementor-invisible elementor-widget elementor-widget-text-editor\" data-id=\"d0fe93a\" data-element_type=\"widget\" data-e-type=\"widget\" data-settings=\"{&quot;_animation&quot;:&quot;fadeInRight&quot;}\" data-widget_type=\"text-editor.default\">\n\t\t\t\t<div class=\"elementor-widget-container\">\n\t\t\t\t\t\t\t\t\t<p>3. Protecci\u00f3n de datos<\/p><p>Implementamos medidas de seguridad administrativas, t\u00e9cnicas y f\u00edsicas para resguardar tu informaci\u00f3n y evitar accesos no autorizados, p\u00e9rdida o uso indebido de los datos.<\/p>\t\t\t\t\t\t\t\t<\/div>\n\t\t\t\t<\/div>\n\t\t\t\t\t<\/div>\n\t\t\t\t<\/div>\n\t\t<div class=\"elementor-element elementor-element-c0ca756 e-flex e-con-boxed e-con e-parent\" data-id=\"c0ca756\" data-element_type=\"container\" data-e-type=\"container\">\n\t\t\t\t\t<div class=\"e-con-inner\">\n\t\t\t\t<div class=\"elementor-element elementor-element-eb17546 elementor-invisible elementor-widget elementor-widget-text-editor\" data-id=\"eb17546\" data-element_type=\"widget\" data-e-type=\"widget\" data-settings=\"{&quot;_animation&quot;:&quot;fadeInLeft&quot;}\" data-widget_type=\"text-editor.default\">\n\t\t\t\t<div class=\"elementor-widget-container\">\n\t\t\t\t\t\t\t\t\t<p>4. Cookies y tecnolog\u00edas similares<\/p><p>Nuestro sitio utiliza cookies para mejorar la navegaci\u00f3n, analizar tendencias y personalizar la experiencia del usuario. Puedes desactivar las cookies en la configuraci\u00f3n de tu navegador, aunque algunas funciones del sitio podr\u00edan no operar correctamente.<\/p>\t\t\t\t\t\t\t\t<\/div>\n\t\t\t\t<\/div>\n\t\t\t\t\t<\/div>\n\t\t\t\t<\/div>\n\t\t<div class=\"elementor-element elementor-element-e10b302 e-flex e-con-boxed e-con e-parent\" data-id=\"e10b302\" data-element_type=\"container\" data-e-type=\"container\">\n\t\t\t\t\t<div class=\"e-con-inner\">\n\t\t\t\t<div class=\"elementor-element elementor-element-8e62265 elementor-invisible elementor-widget elementor-widget-text-editor\" data-id=\"8e62265\" data-element_type=\"widget\" data-e-type=\"widget\" data-settings=\"{&quot;_animation&quot;:&quot;fadeInRight&quot;}\" data-widget_type=\"text-editor.default\">\n\t\t\t\t<div class=\"elementor-widget-container\">\n\t\t\t\t\t\t\t\t\t<div>5. Compartici\u00f3n de informaci\u00f3n<\/div><div>\u00a0<\/div><div>No vendemos ni rentamos tus datos a terceros. \u00danicamente podremos compartir tu informaci\u00f3n en los siguientes casos:<\/div><div>\u2022Con proveedores de servicios que nos apoyan en la operaci\u00f3n (ej. procesadores de pago, hosting).<\/div><div>\u2022Cuando la ley o una autoridad competente lo requiera.<\/div>\t\t\t\t\t\t\t\t<\/div>\n\t\t\t\t<\/div>\n\t\t\t\t\t<\/div>\n\t\t\t\t<\/div>\n\t\t<div class=\"elementor-element elementor-element-a20b42d e-flex e-con-boxed e-con e-parent\" data-id=\"a20b42d\" data-element_type=\"container\" data-e-type=\"container\">\n\t\t\t\t\t<div class=\"e-con-inner\">\n\t\t\t\t<div class=\"elementor-element elementor-element-a757976 elementor-invisible elementor-widget elementor-widget-text-editor\" data-id=\"a757976\" data-element_type=\"widget\" data-e-type=\"widget\" data-settings=\"{&quot;_animation&quot;:&quot;fadeInLeft&quot;}\" data-widget_type=\"text-editor.default\">\n\t\t\t\t<div class=\"elementor-widget-container\">\n\t\t\t\t\t\t\t\t\t<p>6. Derechos del usuario<\/p><p>Tienes derecho a acceder, rectificar, actualizar o eliminar tus datos personales en cualquier momento. Para ejercer tus derechos, escr\u00edbenos a:<\/p><p>\ud83d\udce9 contacto@maxia.solutions<\/p>\t\t\t\t\t\t\t\t<\/div>\n\t\t\t\t<\/div>\n\t\t\t\t\t<\/div>\n\t\t\t\t<\/div>\n\t\t<div class=\"elementor-element elementor-element-a4521f6 e-flex e-con-boxed e-con e-parent\" data-id=\"a4521f6\" data-element_type=\"container\" data-e-type=\"container\">\n\t\t\t\t\t<div class=\"e-con-inner\">\n\t\t\t\t<div class=\"elementor-element elementor-element-8020fec elementor-invisible elementor-widget elementor-widget-text-editor\" data-id=\"8020fec\" data-element_type=\"widget\" data-e-type=\"widget\" data-settings=\"{&quot;_animation&quot;:&quot;fadeInRight&quot;}\" data-widget_type=\"text-editor.default\">\n\t\t\t\t<div class=\"elementor-widget-container\">\n\t\t\t\t\t\t\t\t\t<p>7. Cambios en la pol\u00edtica<\/p><p>Podemos actualizar esta Pol\u00edtica de Privacidad en cualquier momento. Te recomendamos revisarla peri\u00f3dicamente para estar al tanto de las modificaciones.<\/p>\t\t\t\t\t\t\t\t<\/div>\n\t\t\t\t<\/div>\n\t\t\t\t\t<\/div>\n\t\t\t\t<\/div>\n\t\t<div class=\"elementor-element elementor-element-71d1b16 e-flex e-con-boxed e-con e-parent\" data-id=\"71d1b16\" data-element_type=\"container\" data-e-type=\"container\">\n\t\t\t\t\t<div class=\"e-con-inner\">\n\t\t\t\t<div class=\"elementor-element elementor-element-82e63e9 elementor-invisible elementor-widget elementor-widget-text-editor\" data-id=\"82e63e9\" data-element_type=\"widget\" data-e-type=\"widget\" data-settings=\"{&quot;_animation&quot;:&quot;fadeInLeft&quot;}\" data-widget_type=\"text-editor.default\">\n\t\t\t\t<div class=\"elementor-widget-container\">\n\t\t\t\t\t\t\t\t\t<p>8. Contacto<\/p><p>Si tienes preguntas sobre nuestras Pol\u00edticas de Privacidad o sobre el tratamiento de tus datos personales, puedes contactarnos en:<\/p><p>MaxIA Solutions<br \/>\ud83c\udf10 www.maxia.solutions<br \/>\ud83d\udce9 contacto@maxia.solutions<\/p>\t\t\t\t\t\t\t\t<\/div>\n\t\t\t\t<\/div>\n\t\t\t\t\t<\/div>\n\t\t\t\t<\/div>\n\t\t\t\t<\/div>","protected":false},"excerpt":{"rendered":"<p>MaxIA Solutions En MaxIA Solutions valoramos tu confianza y protegemos tu informaci\u00f3n. Por eso, hemos dise\u00f1ado esta Pol\u00edtica de Privacidad&#8230;<\/p>","protected":false},"author":1,"featured_media":1234,"parent":0,"menu_order":0,"comment_status":"closed","ping_status":"closed","template":"","meta":{"_joinchat":[],"footnotes":""},"class_list":["post-1231","page","type-page","status-publish","has-post-thumbnail","hentry"],"yoast_head":"<!-- This site is optimized with the Yoast SEO plugin v27.5 - https:\/\/yoast.com\/product\/yoast-seo-wordpress\/ -->\n<title>POL\u00cdTICAS DE PRIVACIDAD - MaxIA Solutions<\/title>\n<meta name=\"robots\" content=\"index, follow, max-snippet:-1, max-image-preview:large, max-video-preview:-1\" \/>\n<link rel=\"canonical\" href=\"https:\/\/maxia.solutions\/en\/politicas-de-privacidad\/\" \/>\n<meta property=\"og:locale\" content=\"en_US\" \/>\n<meta property=\"og:type\" content=\"article\" \/>\n<meta property=\"og:title\" content=\"POL\u00cdTICAS DE PRIVACIDAD - MaxIA Solutions\" \/>\n<meta property=\"og:description\" content=\"MaxIA Solutions En MaxIA Solutions valoramos tu confianza y protegemos tu informaci\u00f3n. Por eso, hemos dise\u00f1ado esta Pol\u00edtica de Privacidad...\" \/>\n<meta property=\"og:url\" content=\"https:\/\/maxia.solutions\/en\/politicas-de-privacidad\/\" \/>\n<meta property=\"og:site_name\" content=\"MaxIA Solutions\" \/>\n<meta property=\"article:publisher\" content=\"https:\/\/www.facebook.com\/people\/MAXIA-Solutions\/61567118535170\/\" \/>\n<meta property=\"article:modified_time\" content=\"2025-08-16T20:41:02+00:00\" \/>\n<meta property=\"og:image\" content=\"https:\/\/maxia.solutions\/wp-content\/uploads\/2025\/08\/steve-johnson-ZPOoDQc8yMw-unsplash-scaled.jpg\" \/>\n\t<meta property=\"og:image:width\" content=\"2560\" \/>\n\t<meta property=\"og:image:height\" content=\"1440\" \/>\n\t<meta property=\"og:image:type\" content=\"image\/jpeg\" \/>\n<meta name=\"twitter:card\" content=\"summary_large_image\" \/>\n<meta name=\"twitter:label1\" content=\"Est. reading time\" \/>\n\t<meta name=\"twitter:data1\" content=\"3 minutes\" \/>\n<script type=\"application\/ld+json\" class=\"yoast-schema-graph\">{\"@context\":\"https:\\\/\\\/schema.org\",\"@graph\":[{\"@type\":\"WebPage\",\"@id\":\"https:\\\/\\\/maxia.solutions\\\/politicas-de-privacidad\\\/\",\"url\":\"https:\\\/\\\/maxia.solutions\\\/politicas-de-privacidad\\\/\",\"name\":\"POL\u00cdTICAS DE PRIVACIDAD - MaxIA Solutions\",\"isPartOf\":{\"@id\":\"https:\\\/\\\/maxia.solutions\\\/#website\"},\"primaryImageOfPage\":{\"@id\":\"https:\\\/\\\/maxia.solutions\\\/politicas-de-privacidad\\\/#primaryimage\"},\"image\":{\"@id\":\"https:\\\/\\\/maxia.solutions\\\/politicas-de-privacidad\\\/#primaryimage\"},\"thumbnailUrl\":\"https:\\\/\\\/i0.wp.com\\\/maxia.solutions\\\/wp-content\\\/uploads\\\/2025\\\/08\\\/steve-johnson-ZPOoDQc8yMw-unsplash-scaled.jpg?fit=2560%2C1440&ssl=1\",\"datePublished\":\"2025-08-16T16:26:02+00:00\",\"dateModified\":\"2025-08-16T20:41:02+00:00\",\"breadcrumb\":{\"@id\":\"https:\\\/\\\/maxia.solutions\\\/politicas-de-privacidad\\\/#breadcrumb\"},\"inLanguage\":\"en-US\",\"potentialAction\":[{\"@type\":\"ReadAction\",\"target\":[\"https:\\\/\\\/maxia.solutions\\\/politicas-de-privacidad\\\/\"]}]},{\"@type\":\"ImageObject\",\"inLanguage\":\"en-US\",\"@id\":\"https:\\\/\\\/maxia.solutions\\\/politicas-de-privacidad\\\/#primaryimage\",\"url\":\"https:\\\/\\\/i0.wp.com\\\/maxia.solutions\\\/wp-content\\\/uploads\\\/2025\\\/08\\\/steve-johnson-ZPOoDQc8yMw-unsplash-scaled.jpg?fit=2560%2C1440&ssl=1\",\"contentUrl\":\"https:\\\/\\\/i0.wp.com\\\/maxia.solutions\\\/wp-content\\\/uploads\\\/2025\\\/08\\\/steve-johnson-ZPOoDQc8yMw-unsplash-scaled.jpg?fit=2560%2C1440&ssl=1\",\"width\":2560,\"height\":1440},{\"@type\":\"BreadcrumbList\",\"@id\":\"https:\\\/\\\/maxia.solutions\\\/politicas-de-privacidad\\\/#breadcrumb\",\"itemListElement\":[{\"@type\":\"ListItem\",\"position\":1,\"name\":\"Portada\",\"item\":\"https:\\\/\\\/maxia.solutions\\\/\"},{\"@type\":\"ListItem\",\"position\":2,\"name\":\"POL\u00cdTICAS DE PRIVACIDAD\"}]},{\"@type\":\"WebSite\",\"@id\":\"https:\\\/\\\/maxia.solutions\\\/#website\",\"url\":\"https:\\\/\\\/maxia.solutions\\\/\",\"name\":\"MaxIA Solutions\",\"description\":\"&iexcl;Conecta, Destaca y Crece!\",\"publisher\":{\"@id\":\"https:\\\/\\\/maxia.solutions\\\/#organization\"},\"potentialAction\":[{\"@type\":\"SearchAction\",\"target\":{\"@type\":\"EntryPoint\",\"urlTemplate\":\"https:\\\/\\\/maxia.solutions\\\/?s={search_term_string}\"},\"query-input\":{\"@type\":\"PropertyValueSpecification\",\"valueRequired\":true,\"valueName\":\"search_term_string\"}}],\"inLanguage\":\"en-US\"},{\"@type\":\"Organization\",\"@id\":\"https:\\\/\\\/maxia.solutions\\\/#organization\",\"name\":\"MaxIA Solutions\",\"url\":\"https:\\\/\\\/maxia.solutions\\\/\",\"logo\":{\"@type\":\"ImageObject\",\"inLanguage\":\"en-US\",\"@id\":\"https:\\\/\\\/maxia.solutions\\\/#\\\/schema\\\/logo\\\/image\\\/\",\"url\":\"https:\\\/\\\/i0.wp.com\\\/maxia.solutions\\\/wp-content\\\/uploads\\\/2026\\\/04\\\/cropped-MaxIA-Sollutions-3.png?fit=1999%2C470&ssl=1\",\"contentUrl\":\"https:\\\/\\\/i0.wp.com\\\/maxia.solutions\\\/wp-content\\\/uploads\\\/2026\\\/04\\\/cropped-MaxIA-Sollutions-3.png?fit=1999%2C470&ssl=1\",\"width\":1999,\"height\":470,\"caption\":\"MaxIA Solutions\"},\"image\":{\"@id\":\"https:\\\/\\\/maxia.solutions\\\/#\\\/schema\\\/logo\\\/image\\\/\"},\"sameAs\":[\"https:\\\/\\\/www.facebook.com\\\/people\\\/MAXIA-Solutions\\\/61567118535170\\\/\"]}]}<\/script>\n<!-- \/ Yoast SEO plugin. -->","yoast_head_json":{"title":"POL\u00cdTICAS DE PRIVACIDAD - MaxIA Solutions","robots":{"index":"index","follow":"follow","max-snippet":"max-snippet:-1","max-image-preview":"max-image-preview:large","max-video-preview":"max-video-preview:-1"},"canonical":"https:\/\/maxia.solutions\/en\/politicas-de-privacidad\/","og_locale":"en_US","og_type":"article","og_title":"POL\u00cdTICAS DE PRIVACIDAD - MaxIA Solutions","og_description":"MaxIA Solutions En MaxIA Solutions valoramos tu confianza y protegemos tu informaci\u00f3n. Por eso, hemos dise\u00f1ado esta Pol\u00edtica de Privacidad...","og_url":"https:\/\/maxia.solutions\/en\/politicas-de-privacidad\/","og_site_name":"MaxIA Solutions","article_publisher":"https:\/\/www.facebook.com\/people\/MAXIA-Solutions\/61567118535170\/","article_modified_time":"2025-08-16T20:41:02+00:00","og_image":[{"width":2560,"height":1440,"url":"https:\/\/maxia.solutions\/wp-content\/uploads\/2025\/08\/steve-johnson-ZPOoDQc8yMw-unsplash-scaled.jpg","type":"image\/jpeg"}],"twitter_card":"summary_large_image","twitter_misc":{"Est. reading time":"3 minutes"},"schema":{"@context":"https:\/\/schema.org","@graph":[{"@type":"WebPage","@id":"https:\/\/maxia.solutions\/politicas-de-privacidad\/","url":"https:\/\/maxia.solutions\/politicas-de-privacidad\/","name":"POL\u00cdTICAS DE PRIVACIDAD - MaxIA Solutions","isPartOf":{"@id":"https:\/\/maxia.solutions\/#website"},"primaryImageOfPage":{"@id":"https:\/\/maxia.solutions\/politicas-de-privacidad\/#primaryimage"},"image":{"@id":"https:\/\/maxia.solutions\/politicas-de-privacidad\/#primaryimage"},"thumbnailUrl":"https:\/\/i0.wp.com\/maxia.solutions\/wp-content\/uploads\/2025\/08\/steve-johnson-ZPOoDQc8yMw-unsplash-scaled.jpg?fit=2560%2C1440&ssl=1","datePublished":"2025-08-16T16:26:02+00:00","dateModified":"2025-08-16T20:41:02+00:00","breadcrumb":{"@id":"https:\/\/maxia.solutions\/politicas-de-privacidad\/#breadcrumb"},"inLanguage":"en-US","potentialAction":[{"@type":"ReadAction","target":["https:\/\/maxia.solutions\/politicas-de-privacidad\/"]}]},{"@type":"ImageObject","inLanguage":"en-US","@id":"https:\/\/maxia.solutions\/politicas-de-privacidad\/#primaryimage","url":"https:\/\/i0.wp.com\/maxia.solutions\/wp-content\/uploads\/2025\/08\/steve-johnson-ZPOoDQc8yMw-unsplash-scaled.jpg?fit=2560%2C1440&ssl=1","contentUrl":"https:\/\/i0.wp.com\/maxia.solutions\/wp-content\/uploads\/2025\/08\/steve-johnson-ZPOoDQc8yMw-unsplash-scaled.jpg?fit=2560%2C1440&ssl=1","width":2560,"height":1440},{"@type":"BreadcrumbList","@id":"https:\/\/maxia.solutions\/politicas-de-privacidad\/#breadcrumb","itemListElement":[{"@type":"ListItem","position":1,"name":"Portada","item":"https:\/\/maxia.solutions\/"},{"@type":"ListItem","position":2,"name":"POL\u00cdTICAS DE PRIVACIDAD"}]},{"@type":"WebSite","@id":"https:\/\/maxia.solutions\/#website","url":"https:\/\/maxia.solutions\/","name":"MaxIA Solutions","description":"&iexcl;Conecta, Destaca y Crece!","publisher":{"@id":"https:\/\/maxia.solutions\/#organization"},"potentialAction":[{"@type":"SearchAction","target":{"@type":"EntryPoint","urlTemplate":"https:\/\/maxia.solutions\/?s={search_term_string}"},"query-input":{"@type":"PropertyValueSpecification","valueRequired":true,"valueName":"search_term_string"}}],"inLanguage":"en-US"},{"@type":"Organization","@id":"https:\/\/maxia.solutions\/#organization","name":"MaxIA Solutions","url":"https:\/\/maxia.solutions\/","logo":{"@type":"ImageObject","inLanguage":"en-US","@id":"https:\/\/maxia.solutions\/#\/schema\/logo\/image\/","url":"https:\/\/i0.wp.com\/maxia.solutions\/wp-content\/uploads\/2026\/04\/cropped-MaxIA-Sollutions-3.png?fit=1999%2C470&ssl=1","contentUrl":"https:\/\/i0.wp.com\/maxia.solutions\/wp-content\/uploads\/2026\/04\/cropped-MaxIA-Sollutions-3.png?fit=1999%2C470&ssl=1","width":1999,"height":470,"caption":"MaxIA Solutions"},"image":{"@id":"https:\/\/maxia.solutions\/#\/schema\/logo\/image\/"},"sameAs":["https:\/\/www.facebook.com\/people\/MAXIA-Solutions\/61567118535170\/"]}]}},"jetpack_sharing_enabled":true,"jetpack_likes_enabled":true,"_links":{"self":[{"href":"https:\/\/maxia.solutions\/en\/wp-json\/wp\/v2\/pages\/1231","targetHints":{"allow":["GET"]}}],"collection":[{"href":"https:\/\/maxia.solutions\/en\/wp-json\/wp\/v2\/pages"}],"about":[{"href":"https:\/\/maxia.solutions\/en\/wp-json\/wp\/v2\/types\/page"}],"author":[{"embeddable":true,"href":"https:\/\/maxia.solutions\/en\/wp-json\/wp\/v2\/users\/1"}],"replies":[{"embeddable":true,"href":"https:\/\/maxia.solutions\/en\/wp-json\/wp\/v2\/comments?post=1231"}],"version-history":[{"count":5,"href":"https:\/\/maxia.solutions\/en\/wp-json\/wp\/v2\/pages\/1231\/revisions"}],"predecessor-version":[{"id":1344,"href":"https:\/\/maxia.solutions\/en\/wp-json\/wp\/v2\/pages\/1231\/revisions\/1344"}],"wp:featuredmedia":[{"embeddable":true,"href":"https:\/\/maxia.solutions\/en\/wp-json\/wp\/v2\/media\/1234"}],"wp:attachment":[{"href":"https:\/\/maxia.solutions\/en\/wp-json\/wp\/v2\/media?parent=1231"}],"curies":[{"name":"wp","href":"https:\/\/api.w.org\/{rel}","templated":true}]}}