{"id":2724,"date":"2026-04-14T09:21:50","date_gmt":"2026-04-14T20:51:50","guid":{"rendered":"https:\/\/maxia.solutions\/?page_id=2724"},"modified":"2026-04-14T10:56:05","modified_gmt":"2026-04-14T22:26:05","slug":"activar","status":"publish","type":"page","link":"https:\/\/maxia.solutions\/en\/activar\/","title":{"rendered":"ACTIVAR"},"content":{"rendered":"<div data-elementor-type=\"wp-page\" data-elementor-id=\"2724\" class=\"elementor elementor-2724\">\n\t\t\t\t<div class=\"elementor-element elementor-element-882b777 e-flex e-con-boxed e-con e-parent\" data-id=\"882b777\" data-element_type=\"container\" data-e-type=\"container\" data-settings=\"{&quot;background_background&quot;:&quot;classic&quot;}\">\n\t\t\t\t\t<div class=\"e-con-inner\">\n\t\t\t\t<div class=\"elementor-element elementor-element-30bc92e elementor-widget elementor-widget-heading\" data-id=\"30bc92e\" data-element_type=\"widget\" data-e-type=\"widget\" data-widget_type=\"heading.default\">\n\t\t\t\t<div class=\"elementor-widget-container\">\n\t\t\t\t\t<h2 class=\"elementor-heading-title elementor-size-default\">D\u00e9janos tus datos y te contactamos hoy mismo<\/h2>\t\t\t\t<\/div>\n\t\t\t\t<\/div>\n\t\t\t\t<div class=\"elementor-element elementor-element-71e0af4 elementor-widget elementor-widget-text-editor\" data-id=\"71e0af4\" data-element_type=\"widget\" data-e-type=\"widget\" data-widget_type=\"text-editor.default\">\n\t\t\t\t<div class=\"elementor-widget-container\">\n\t\t\t\t\t\t\t\t\t<p><span style=\"color: #000000;\">Analizamos tu negocio y te mostramos c\u00f3mo conseguir m\u00e1s clientes.<\/span><\/p>\t\t\t\t\t\t\t\t<\/div>\n\t\t\t\t<\/div>\n\t\t\t\t<div class=\"elementor-element elementor-element-8600c22 elementor-widget elementor-widget-shortcode\" data-id=\"8600c22\" data-element_type=\"widget\" data-e-type=\"widget\" data-widget_type=\"shortcode.default\">\n\t\t\t\t<div class=\"elementor-widget-container\">\n\t\t\t\t\t\t\t<div class=\"elementor-shortcode\">\n<div class=\"wpcf7 no-js\" id=\"wpcf7-f2727-o1\" lang=\"es-ES\" dir=\"ltr\" data-wpcf7-id=\"2727\">\n<div class=\"screen-reader-response\"><p role=\"status\" aria-live=\"polite\" aria-atomic=\"true\"><\/p> <ul><\/ul><\/div>\n<form action=\"\/en\/wp-json\/wp\/v2\/pages\/2724#wpcf7-f2727-o1\" method=\"post\" class=\"wpcf7-form init\" aria-label=\"Formulario de contacto\" novalidate=\"novalidate\" data-status=\"init\" data-trp-original-action=\"\/en\/wp-json\/wp\/v2\/pages\/2724#wpcf7-f2727-o1\">\n<fieldset class=\"hidden-fields-container\"><input type=\"hidden\" name=\"_wpcf7\" value=\"2727\" \/><input type=\"hidden\" name=\"_wpcf7_version\" value=\"6.1.5\" \/><input type=\"hidden\" name=\"_wpcf7_locale\" value=\"es_ES\" \/><input type=\"hidden\" name=\"_wpcf7_unit_tag\" value=\"wpcf7-f2727-o1\" \/><input type=\"hidden\" name=\"_wpcf7_container_post\" value=\"0\" \/><input type=\"hidden\" name=\"_wpcf7_posted_data_hash\" value=\"\" \/>\n<\/fieldset>\n<p><label> Nombre completo<br \/>\n<span class=\"wpcf7-form-control-wrap\" data-name=\"nombre\"><input size=\"40\" maxlength=\"400\" class=\"wpcf7-form-control wpcf7-text wpcf7-validates-as-required\" aria-required=\"true\" aria-invalid=\"false\" value=\"\" type=\"text\" name=\"nombre\" \/><\/span> <\/label>\n<\/p>\n<p><label> WhatsApp<br \/>\n<span class=\"wpcf7-form-control-wrap\" data-name=\"telefono\"><input size=\"40\" maxlength=\"400\" class=\"wpcf7-form-control wpcf7-tel wpcf7-validates-as-required wpcf7-text wpcf7-validates-as-tel\" aria-required=\"true\" aria-invalid=\"false\" value=\"\" type=\"tel\" name=\"telefono\" \/><\/span> <\/label>\n<\/p>\n<p><label> Empresa o negocio<br \/>\n<span class=\"wpcf7-form-control-wrap\" data-name=\"empresa\"><input size=\"40\" maxlength=\"400\" class=\"wpcf7-form-control wpcf7-text\" aria-invalid=\"false\" value=\"\" type=\"text\" name=\"empresa\" \/><\/span> <\/label>\n<\/p>\n<p><label> \u00bfQu\u00e9 necesitas?<br \/>\n<span class=\"wpcf7-form-control-wrap\" data-name=\"servicio\"><select class=\"wpcf7-form-control wpcf7-select\" aria-invalid=\"false\" name=\"servicio\"><option value=\"Generaci\u00f3n de clientes\">Generaci\u00f3n de clientes<\/option><option value=\"Publicidad (Meta\/Google)\">Publicidad (Meta\/Google)<\/option><option value=\"P\u00e1gina web\">P\u00e1gina web<\/option><option value=\"An\u00e1lisis de datos\">An\u00e1lisis de datos<\/option><option value=\"Otro\">Otro<\/option><\/select><\/span> <\/label>\n<\/p>\n<p><label> \u00bfCu\u00e1l es tu principal objetivo?<br \/>\n<span class=\"wpcf7-form-control-wrap\" data-name=\"objetivo\"><select class=\"wpcf7-form-control wpcf7-select\" aria-invalid=\"false\" name=\"objetivo\"><option value=\"Conseguir m\u00e1s clientes\">Conseguir m\u00e1s clientes<\/option><option value=\"Vender m\u00e1s\">Vender m\u00e1s<\/option><option value=\"Mejorar mi marca\">Mejorar mi marca<\/option><option value=\"Automatizar procesos\">Automatizar procesos<\/option><\/select><\/span> <\/label>\n<\/p>\n<p><label> \u00bfEn qu\u00e9 ciudad te encuentras?<br \/>\n<span class=\"wpcf7-form-control-wrap\" data-name=\"ciudad\"><input size=\"40\" maxlength=\"400\" class=\"wpcf7-form-control wpcf7-text\" aria-invalid=\"false\" value=\"\" type=\"text\" name=\"ciudad\" \/><\/span> <\/label>\n<\/p>\n<p><label> Cu\u00e9ntanos brevemente tu situaci\u00f3n<br \/>\n<span class=\"wpcf7-form-control-wrap\" data-name=\"mensaje\"><textarea cols=\"40\" rows=\"10\" maxlength=\"2000\" class=\"wpcf7-form-control wpcf7-textarea\" aria-invalid=\"false\" name=\"mensaje\"><\/textarea><\/span> <\/label>\n<\/p>\n<p><input class=\"wpcf7-form-control wpcf7-submit has-spinner\" type=\"submit\" value=\"Quiero m\u00e1s clientes ahora\" \/>\n<\/p>\n<p><label> \u00bfEn cu\u00e1nto tiempo quieres ver resultados?<br \/>\n<span class=\"wpcf7-form-control-wrap\" data-name=\"tiempo\"><select class=\"wpcf7-form-control wpcf7-select\" aria-invalid=\"false\" name=\"tiempo\"><option value=\"Lo antes posible\">Lo antes posible<\/option><option value=\"1 a 3 meses\">1 a 3 meses<\/option><option value=\"Solo estoy investigando\">Solo estoy investigando<\/option><\/select><\/span> <\/label>\n<\/p><p style=\"display: none !important;\" class=\"akismet-fields-container\" data-prefix=\"_wpcf7_ak_\"><label>&#916;<textarea name=\"_wpcf7_ak_hp_textarea\" cols=\"45\" rows=\"8\" maxlength=\"100\"><\/textarea><\/label><input type=\"hidden\" id=\"ak_js_1\" name=\"_wpcf7_ak_js\" value=\"94\"\/><script>document.getElementById( \"ak_js_1\" ).setAttribute( \"value\", ( new Date() ).getTime() );<\/script><\/p><div class=\"wpcf7-response-output\" aria-hidden=\"true\"><\/div>\n<input type=\"hidden\" name=\"trp-form-language\" value=\"en\"\/><\/form>\n<\/div>\n\n<\/div>\n\t\t\t\t\t\t<\/div>\n\t\t\t\t<\/div>\n\t\t\t\t<div class=\"elementor-element elementor-element-3b9046f elementor-widget elementor-widget-html\" data-id=\"3b9046f\" data-element_type=\"widget\" data-e-type=\"widget\" data-widget_type=\"html.default\">\n\t\t\t\t<div class=\"elementor-widget-container\">\n\t\t\t\t\t<script>\r\ndocument.addEventListener('wpcf7mailsent', function(event) {\r\n  window.location.href = 'https:\/\/maxia.solutions\/gracias';\r\n}, false);\r\n<\/script>\t\t\t\t<\/div>\n\t\t\t\t<\/div>\n\t\t\t\t\t<\/div>\n\t\t\t\t<\/div>\n\t\t\t\t<\/div>","protected":false},"excerpt":{"rendered":"<p>D\u00e9janos tus datos y te contactamos hoy mismo Analizamos tu negocio y te mostramos c\u00f3mo conseguir m\u00e1s clientes.<\/p>","protected":false},"author":1,"featured_media":0,"parent":0,"menu_order":0,"comment_status":"closed","ping_status":"closed","template":"","meta":{"_joinchat":[],"footnotes":""},"class_list":["post-2724","page","type-page","status-publish","hentry"],"yoast_head":"<!-- This site is optimized with the Yoast SEO plugin v27.4 - https:\/\/yoast.com\/product\/yoast-seo-wordpress\/ -->\n<title>ACTIVAR - MaxIA Solutions<\/title>\n<meta name=\"robots\" content=\"index, follow, max-snippet:-1, max-image-preview:large, max-video-preview:-1\" \/>\n<link rel=\"canonical\" href=\"https:\/\/maxia.solutions\/en\/activar\/\" \/>\n<meta property=\"og:locale\" content=\"en_US\" \/>\n<meta property=\"og:type\" content=\"article\" \/>\n<meta property=\"og:title\" content=\"ACTIVAR - MaxIA Solutions\" \/>\n<meta property=\"og:description\" content=\"D\u00e9janos tus datos y te contactamos hoy mismo Analizamos tu negocio y te mostramos c\u00f3mo conseguir m\u00e1s clientes.\" \/>\n<meta property=\"og:url\" content=\"https:\/\/maxia.solutions\/en\/activar\/\" \/>\n<meta property=\"og:site_name\" content=\"MaxIA Solutions\" \/>\n<meta property=\"article:publisher\" content=\"https:\/\/www.facebook.com\/people\/MAXIA-Solutions\/61567118535170\/\" \/>\n<meta property=\"article:modified_time\" content=\"2026-04-14T22:26:05+00:00\" \/>\n<meta property=\"og:image\" content=\"https:\/\/i0.wp.com\/maxia.solutions\/wp-content\/uploads\/2024\/10\/unnamed.png?fit=1536%2C1536&ssl=1\" \/>\n\t<meta property=\"og:image:width\" content=\"1536\" \/>\n\t<meta property=\"og:image:height\" content=\"1536\" \/>\n\t<meta property=\"og:image:type\" content=\"image\/png\" \/>\n<meta name=\"twitter:card\" content=\"summary_large_image\" \/>\n<meta name=\"twitter:label1\" content=\"Est. reading time\" \/>\n\t<meta name=\"twitter:data1\" content=\"1 minute\" \/>\n<script type=\"application\/ld+json\" class=\"yoast-schema-graph\">{\"@context\":\"https:\\\/\\\/schema.org\",\"@graph\":[{\"@type\":\"WebPage\",\"@id\":\"https:\\\/\\\/maxia.solutions\\\/activar\\\/\",\"url\":\"https:\\\/\\\/maxia.solutions\\\/activar\\\/\",\"name\":\"ACTIVAR - MaxIA Solutions\",\"isPartOf\":{\"@id\":\"https:\\\/\\\/maxia.solutions\\\/#website\"},\"datePublished\":\"2026-04-14T20:51:50+00:00\",\"dateModified\":\"2026-04-14T22:26:05+00:00\",\"breadcrumb\":{\"@id\":\"https:\\\/\\\/maxia.solutions\\\/activar\\\/#breadcrumb\"},\"inLanguage\":\"en-US\",\"potentialAction\":[{\"@type\":\"ReadAction\",\"target\":[\"https:\\\/\\\/maxia.solutions\\\/activar\\\/\"]}]},{\"@type\":\"BreadcrumbList\",\"@id\":\"https:\\\/\\\/maxia.solutions\\\/activar\\\/#breadcrumb\",\"itemListElement\":[{\"@type\":\"ListItem\",\"position\":1,\"name\":\"Portada\",\"item\":\"https:\\\/\\\/maxia.solutions\\\/\"},{\"@type\":\"ListItem\",\"position\":2,\"name\":\"ACTIVAR\"}]},{\"@type\":\"WebSite\",\"@id\":\"https:\\\/\\\/maxia.solutions\\\/#website\",\"url\":\"https:\\\/\\\/maxia.solutions\\\/\",\"name\":\"MaxIA Solutions\",\"description\":\"&iexcl;Conecta, Destaca y Crece!\",\"publisher\":{\"@id\":\"https:\\\/\\\/maxia.solutions\\\/#organization\"},\"potentialAction\":[{\"@type\":\"SearchAction\",\"target\":{\"@type\":\"EntryPoint\",\"urlTemplate\":\"https:\\\/\\\/maxia.solutions\\\/?s={search_term_string}\"},\"query-input\":{\"@type\":\"PropertyValueSpecification\",\"valueRequired\":true,\"valueName\":\"search_term_string\"}}],\"inLanguage\":\"en-US\"},{\"@type\":\"Organization\",\"@id\":\"https:\\\/\\\/maxia.solutions\\\/#organization\",\"name\":\"MaxIA Solutions\",\"url\":\"https:\\\/\\\/maxia.solutions\\\/\",\"logo\":{\"@type\":\"ImageObject\",\"inLanguage\":\"en-US\",\"@id\":\"https:\\\/\\\/maxia.solutions\\\/#\\\/schema\\\/logo\\\/image\\\/\",\"url\":\"https:\\\/\\\/i0.wp.com\\\/maxia.solutions\\\/wp-content\\\/uploads\\\/2026\\\/04\\\/cropped-MaxIA-Sollutions-3.png?fit=1999%2C470&ssl=1\",\"contentUrl\":\"https:\\\/\\\/i0.wp.com\\\/maxia.solutions\\\/wp-content\\\/uploads\\\/2026\\\/04\\\/cropped-MaxIA-Sollutions-3.png?fit=1999%2C470&ssl=1\",\"width\":1999,\"height\":470,\"caption\":\"MaxIA Solutions\"},\"image\":{\"@id\":\"https:\\\/\\\/maxia.solutions\\\/#\\\/schema\\\/logo\\\/image\\\/\"},\"sameAs\":[\"https:\\\/\\\/www.facebook.com\\\/people\\\/MAXIA-Solutions\\\/61567118535170\\\/\"]}]}<\/script>\n<!-- \/ Yoast SEO plugin. -->","yoast_head_json":{"title":"ACTIVAR - MaxIA Solutions","robots":{"index":"index","follow":"follow","max-snippet":"max-snippet:-1","max-image-preview":"max-image-preview:large","max-video-preview":"max-video-preview:-1"},"canonical":"https:\/\/maxia.solutions\/en\/activar\/","og_locale":"en_US","og_type":"article","og_title":"ACTIVAR - MaxIA Solutions","og_description":"D\u00e9janos tus datos y te contactamos hoy mismo Analizamos tu negocio y te mostramos c\u00f3mo conseguir m\u00e1s clientes.","og_url":"https:\/\/maxia.solutions\/en\/activar\/","og_site_name":"MaxIA Solutions","article_publisher":"https:\/\/www.facebook.com\/people\/MAXIA-Solutions\/61567118535170\/","article_modified_time":"2026-04-14T22:26:05+00:00","og_image":[{"width":1536,"height":1536,"url":"https:\/\/i0.wp.com\/maxia.solutions\/wp-content\/uploads\/2024\/10\/unnamed.png?fit=1536%2C1536&ssl=1","type":"image\/png"}],"twitter_card":"summary_large_image","twitter_misc":{"Est. reading time":"1 minute"},"schema":{"@context":"https:\/\/schema.org","@graph":[{"@type":"WebPage","@id":"https:\/\/maxia.solutions\/activar\/","url":"https:\/\/maxia.solutions\/activar\/","name":"ACTIVAR - MaxIA Solutions","isPartOf":{"@id":"https:\/\/maxia.solutions\/#website"},"datePublished":"2026-04-14T20:51:50+00:00","dateModified":"2026-04-14T22:26:05+00:00","breadcrumb":{"@id":"https:\/\/maxia.solutions\/activar\/#breadcrumb"},"inLanguage":"en-US","potentialAction":[{"@type":"ReadAction","target":["https:\/\/maxia.solutions\/activar\/"]}]},{"@type":"BreadcrumbList","@id":"https:\/\/maxia.solutions\/activar\/#breadcrumb","itemListElement":[{"@type":"ListItem","position":1,"name":"Portada","item":"https:\/\/maxia.solutions\/"},{"@type":"ListItem","position":2,"name":"ACTIVAR"}]},{"@type":"WebSite","@id":"https:\/\/maxia.solutions\/#website","url":"https:\/\/maxia.solutions\/","name":"MaxIA Solutions","description":"&iexcl;Conecta, Destaca y Crece!","publisher":{"@id":"https:\/\/maxia.solutions\/#organization"},"potentialAction":[{"@type":"SearchAction","target":{"@type":"EntryPoint","urlTemplate":"https:\/\/maxia.solutions\/?s={search_term_string}"},"query-input":{"@type":"PropertyValueSpecification","valueRequired":true,"valueName":"search_term_string"}}],"inLanguage":"en-US"},{"@type":"Organization","@id":"https:\/\/maxia.solutions\/#organization","name":"MaxIA Solutions","url":"https:\/\/maxia.solutions\/","logo":{"@type":"ImageObject","inLanguage":"en-US","@id":"https:\/\/maxia.solutions\/#\/schema\/logo\/image\/","url":"https:\/\/i0.wp.com\/maxia.solutions\/wp-content\/uploads\/2026\/04\/cropped-MaxIA-Sollutions-3.png?fit=1999%2C470&ssl=1","contentUrl":"https:\/\/i0.wp.com\/maxia.solutions\/wp-content\/uploads\/2026\/04\/cropped-MaxIA-Sollutions-3.png?fit=1999%2C470&ssl=1","width":1999,"height":470,"caption":"MaxIA Solutions"},"image":{"@id":"https:\/\/maxia.solutions\/#\/schema\/logo\/image\/"},"sameAs":["https:\/\/www.facebook.com\/people\/MAXIA-Solutions\/61567118535170\/"]}]}},"jetpack_sharing_enabled":true,"jetpack_likes_enabled":true,"_links":{"self":[{"href":"https:\/\/maxia.solutions\/en\/wp-json\/wp\/v2\/pages\/2724","targetHints":{"allow":["GET"]}}],"collection":[{"href":"https:\/\/maxia.solutions\/en\/wp-json\/wp\/v2\/pages"}],"about":[{"href":"https:\/\/maxia.solutions\/en\/wp-json\/wp\/v2\/types\/page"}],"author":[{"embeddable":true,"href":"https:\/\/maxia.solutions\/en\/wp-json\/wp\/v2\/users\/1"}],"replies":[{"embeddable":true,"href":"https:\/\/maxia.solutions\/en\/wp-json\/wp\/v2\/comments?post=2724"}],"version-history":[{"count":10,"href":"https:\/\/maxia.solutions\/en\/wp-json\/wp\/v2\/pages\/2724\/revisions"}],"predecessor-version":[{"id":2758,"href":"https:\/\/maxia.solutions\/en\/wp-json\/wp\/v2\/pages\/2724\/revisions\/2758"}],"wp:attachment":[{"href":"https:\/\/maxia.solutions\/en\/wp-json\/wp\/v2\/media?parent=2724"}],"curies":[{"name":"wp","href":"https:\/\/api.w.org\/{rel}","templated":true}]}}